{"id":1465,"date":"2023-09-12T10:12:25","date_gmt":"2023-09-12T10:12:25","guid":{"rendered":"https:\/\/ayovega.com\/?page_id=1465"},"modified":"2025-02-23T20:08:35","modified_gmt":"2025-02-23T20:08:35","slug":"sobre-mi","status":"publish","type":"page","link":"https:\/\/ayovega.com\/?page_id=1465","title":{"rendered":"SOBRE MI"},"content":{"rendered":"<div class=\"wpb-content-wrapper\">[vc_row][vc_column fixed=\u00bbthb-fixed\u00bb width=\u00bb1\/2&#8243;]\t<div id=\"thb-image-69ef215f7729c\" class=\"caption-style1  alignleft full  thb_image_link wp-caption \">\r\n\t  \t\t\t<div class=\"thb-image-inner size_100\">\r\n\t\t\t\t<img loading=\"lazy\" decoding=\"async\" width=\"913\" height=\"1361\" src=\"https:\/\/ayovega.com\/wp-content\/uploads\/2025\/02\/46942a3f-dbe9-49cc-9ab8-ad41144090d5.jpg\" class=\"thb_image retina_size  attachment-full\" alt=\"\" title=\"46942a3f-dbe9-49cc-9ab8-ad41144090d5\" srcset=\"https:\/\/ayovega.com\/wp-content\/uploads\/2025\/02\/46942a3f-dbe9-49cc-9ab8-ad41144090d5.jpg 913w, https:\/\/ayovega.com\/wp-content\/uploads\/2025\/02\/46942a3f-dbe9-49cc-9ab8-ad41144090d5-201x300.jpg 201w, https:\/\/ayovega.com\/wp-content\/uploads\/2025\/02\/46942a3f-dbe9-49cc-9ab8-ad41144090d5-687x1024.jpg 687w, https:\/\/ayovega.com\/wp-content\/uploads\/2025\/02\/46942a3f-dbe9-49cc-9ab8-ad41144090d5-768x1145.jpg 768w, https:\/\/ayovega.com\/wp-content\/uploads\/2025\/02\/46942a3f-dbe9-49cc-9ab8-ad41144090d5-320x477.jpg 320w, https:\/\/ayovega.com\/wp-content\/uploads\/2025\/02\/46942a3f-dbe9-49cc-9ab8-ad41144090d5-480x716.jpg 480w, https:\/\/ayovega.com\/wp-content\/uploads\/2025\/02\/46942a3f-dbe9-49cc-9ab8-ad41144090d5-800x1193.jpg 800w, https:\/\/ayovega.com\/wp-content\/uploads\/2025\/02\/46942a3f-dbe9-49cc-9ab8-ad41144090d5-300x447.jpg 300w, https:\/\/ayovega.com\/wp-content\/uploads\/2025\/02\/46942a3f-dbe9-49cc-9ab8-ad41144090d5-150x224.jpg 150w, https:\/\/ayovega.com\/wp-content\/uploads\/2025\/02\/46942a3f-dbe9-49cc-9ab8-ad41144090d5-600x894.jpg 600w, https:\/\/ayovega.com\/wp-content\/uploads\/2025\/02\/46942a3f-dbe9-49cc-9ab8-ad41144090d5-900x1342.jpg 900w, https:\/\/ayovega.com\/wp-content\/uploads\/2025\/02\/46942a3f-dbe9-49cc-9ab8-ad41144090d5-20x30.jpg 20w\" sizes=\"auto, (max-width: 913px) 100vw, 913px\" \/>\t\t\t\t\t\t\t<\/div>\r\n\t\t\t\t\t\t\t\t\t<\/div>\r\n\t[vc_empty_space][\/vc_column][vc_column width=\u00bb1\/2&#8243;][vc_empty_space][vc_column_text]\n<h1><span style=\"color: #000cff;\">Hola =)<\/span><\/h1>\n[\/vc_column_text][vc_column_text]Soy Ayo Vega, originario de las Islas Canarias y residente en Madrid desde hace 12 a\u00f1os. Estudi\u00e9 Comunicaci\u00f3n Audiovisual en la Universidad Carlos III de Madrid, donde me adentr\u00e9 en el mundo de la creatividad y la expresi\u00f3n visual.<\/p>\n<p>Me considero un artista multidisciplinar que se mueve entre el dise\u00f1o, la edici\u00f3n de video y la animaci\u00f3n. Cada proyecto es una oportunidad para fusionar estas disciplinas y dar vida a ideas innovadoras.<\/p>\n<p>Fuera del \u00e1mbito creativo, disfruto de actividades artesanales como la cer\u00e1mica y la pintura. Estas actividades me permiten explorar la expresi\u00f3n a trav\u00e9s de las manos y crear piezas \u00fanicas y significativas.<\/p>\n<p>Mi objetivo es combinar mis habilidades creativas y mi pasi\u00f3n por la artesan\u00eda para ofrecer un enfoque original en cada proyecto que emprendo.[\/vc_column_text][vc_row_inner][vc_column_inner][vc_empty_space height=\u00bb50&#8243;][vc_video link=\u00bbhttps:\/\/www.youtube.com\/watch?v=vc5PP7HGG-8&#8243;][vc_empty_space height=\u00bb50&#8243;]\t<a class=\"btn full style1  \" href=\"https:\/\/ayovega.com\/?page_id=821\" target=\"_self\" role=\"button\" title=\"Contactar\"><span>Contactar<\/span><\/a>\r\n\r\n\t[\/vc_column_inner][\/vc_row_inner][\/vc_column][\/vc_row]\n<\/div>","protected":false},"excerpt":{"rendered":"<p>[vc_row][vc_column fixed=\u00bbthb-fixed\u00bb width=\u00bb1\/2&#8243;][vc_empty_space][\/vc_column][vc_column width=\u00bb1\/2&#8243;][vc_empty_space][vc_column_text] Hola =) [\/vc_column_text][vc_column_text]Soy Ayo Vega, originario de las Islas Canarias y residente en Madrid desde hace 12 a\u00f1os. Estudi\u00e9 Comunicaci\u00f3n Audiovisual en la Universidad Carlos III de Madrid, donde me adentr\u00e9 en el mundo de la creatividad y la expresi\u00f3n visual. Me considero un artista multidisciplinar que se mueve entre el&hellip;<\/p>\n","protected":false},"author":1,"featured_media":1466,"parent":0,"menu_order":0,"comment_status":"closed","ping_status":"closed","template":"","meta":{"footnotes":""},"class_list":["post-1465","page","type-page","status-publish","has-post-thumbnail","hentry"],"_links":{"self":[{"href":"https:\/\/ayovega.com\/index.php?rest_route=\/wp\/v2\/pages\/1465","targetHints":{"allow":["GET"]}}],"collection":[{"href":"https:\/\/ayovega.com\/index.php?rest_route=\/wp\/v2\/pages"}],"about":[{"href":"https:\/\/ayovega.com\/index.php?rest_route=\/wp\/v2\/types\/page"}],"author":[{"embeddable":true,"href":"https:\/\/ayovega.com\/index.php?rest_route=\/wp\/v2\/users\/1"}],"replies":[{"embeddable":true,"href":"https:\/\/ayovega.com\/index.php?rest_route=%2Fwp%2Fv2%2Fcomments&post=1465"}],"version-history":[{"count":0,"href":"https:\/\/ayovega.com\/index.php?rest_route=\/wp\/v2\/pages\/1465\/revisions"}],"wp:featuredmedia":[{"embeddable":true,"href":"https:\/\/ayovega.com\/index.php?rest_route=\/wp\/v2\/media\/1466"}],"wp:attachment":[{"href":"https:\/\/ayovega.com\/index.php?rest_route=%2Fwp%2Fv2%2Fmedia&parent=1465"}],"curies":[{"name":"wp","href":"https:\/\/api.w.org\/{rel}","templated":true}]}}